{"id":2474,"date":"2024-03-11T09:39:37","date_gmt":"2024-03-11T09:39:37","guid":{"rendered":"https:\/\/kommen.es\/blog\/?page_id=2474"},"modified":"2025-04-01T07:51:41","modified_gmt":"2025-04-01T07:51:41","slug":"sorteo-pascua-2024-bases-legales","status":"publish","type":"page","link":"https:\/\/kommen.es\/blog\/sorteo-pascua-2024-bases-legales\/","title":{"rendered":"Sorteo Pascua 2025: Bases legales"},"content":{"rendered":"\n<h2 class=\"wp-block-heading\">1. EMPRESA ORGANIZADORA DE LA PROMOCI\u00d3N<\/h2>\n\n\n\n<p>La Empresa <strong>Gesti\u00f3n De Productos C\u00e1rnicos S.L.U<\/strong>, con domicilio en <strong>C\/ Joanot Martorell, 11, 46136 de Museros, Valencia<\/strong>, e identificada con el n\u00famero <strong>B96930862<\/strong>, organiza un sorteo de \u00e1mbito nacional a desarrollar a trav\u00e9s de Internet, exclusivo para usuarios residentes en la <strong>Pen\u00ednsula Ib\u00e9rica<\/strong>, de acuerdo con lo dispuesto en el apartado <strong>requisitos de participaci\u00f3n<\/strong>. La finalidad de este sorteo es ganar suscriptores para aumentar la base de datos de Kommen.<\/p>\n\n\n\n<h2 class=\"wp-block-heading\">2. FECHA DE INICIO Y FECHA DE FINALIZACI\u00d3N<\/h2>\n\n\n\n<p>La Promoci\u00f3n se iniciar\u00e1 el <strong>1 de abril de 2025 a las 00:00 h<\/strong> y finalizar\u00e1 el <strong>20 de abril de 2025 a las 23:59 h<\/strong>.<\/p>\n\n\n\n<h2 class=\"wp-block-heading\">3. REQUISITOS DE PARTICIPACI\u00d3N Y MEC\u00c1NICA DE LA PROMOCI\u00d3N<\/h2>\n\n\n\n<p>Los requisitos de participaci\u00f3n ser\u00e1n los siguientes:<\/p>\n\n\n\n<ul>\n<li>Podr\u00e1n participar aquellas personas que <strong>residan en la Pen\u00ednsula Ib\u00e9rica<\/strong> <strong>o Baleares<\/strong> y sean <strong>mayores de 18 a\u00f1os<\/strong>.<\/li>\n\n\n\n<li>Se considerar\u00e1 participante a cualquier suscriptor que se haya unido a la newsletter de Kommen dentro de la fecha de la promoci\u00f3n anteriormente mencionada.<\/li>\n\n\n\n<li>La empresa informar\u00e1 del ganador a todos los seguidores a trav\u00e9s de <strong>las redes sociales<\/strong> y <strong>por email solo al ganador<\/strong>.<\/li>\n<\/ul>\n\n\n\n<h2 class=\"wp-block-heading\">4. CONDICIONES DE LA PROMOCI\u00d3N Y PREMIOS<\/h2>\n\n\n\n<p>Se elegir\u00e1 al ganador de forma aleatoria usando una aplicaci\u00f3n que seleccionar\u00e1 un participante al azar. Se anunciar\u00e1 al ganador el <strong>21 de abril de 2025<\/strong> a trav\u00e9s de los perfiles sociales de la marca.<\/p>\n\n\n\n<p>El premio consistir\u00e1 en <strong>un lote de productos de Pascua<\/strong>. El premio <strong>no se podr\u00e1 canjear por dinero en met\u00e1lico ni por otro premio<\/strong>, ni puede ser objeto de cambio o alteraci\u00f3n. La Empresa se reserva el derecho de modificar el premio si, al d\u00eda de declarar al participante como ganador, existen problemas de stock que impidan la entrega del mismo.<\/p>\n\n\n\n<p>El ganador deber\u00e1 <strong>contactar con la Empresa en un plazo de 7 d\u00edas h\u00e1biles<\/strong> a contar desde la fecha en la que se anuncie en el perfil social de la marca para recibir el premio. Si en el plazo estipulado no se produjera tal contacto, se proceder\u00e1 a <strong>asignar otro ganador<\/strong>.<\/p>\n\n\n\n<p>La celebraci\u00f3n del sorteo y la concesi\u00f3n del premio quedan sujetas a la normativa fiscal vigente.<\/p>\n\n\n\n<h2 class=\"wp-block-heading\">5. DESCALIFICACIONES Y PENALIZACIONES<\/h2>\n\n\n\n<p>Si se evidenciara que cualquier participante <strong>no cumple con los requisitos exigidos<\/strong> en las Bases o que los datos proporcionados no son v\u00e1lidos, su participaci\u00f3n se considerar\u00e1 nula y quedar\u00e1 autom\u00e1ticamente <strong>excluido de la Promoci\u00f3n<\/strong>, perdiendo todo derecho sobre los premios otorgados.<\/p>\n\n\n\n<p>La Empresa se reserva el derecho de <strong>declarar el sorteo desierto<\/strong>.<\/p>\n\n\n\n<h2 class=\"wp-block-heading\">6. EXONERACI\u00d3N DE RESPONSABILIDAD<\/h2>\n\n\n\n<p>No nos responsabilizamos de las posibles <strong>p\u00e9rdidas, robos, retrasos o cualquier otra circunstancia imputable a terceros<\/strong> que puedan afectar al desarrollo de la presente Promoci\u00f3n, ni del uso que haga el Participante respecto del premio obtenido.<\/p>\n\n\n\n<p>No asumimos responsabilidad en casos de <strong>fuerza mayor o caso fortuito<\/strong> que impidan la realizaci\u00f3n del sorteo o el disfrute total o parcial del premio.<\/p>\n\n\n\n<p>Si la Promoci\u00f3n no pudiera realizarse debido a <strong>fraudes, errores t\u00e9cnicos o cualquier otro motivo fuera de nuestro control<\/strong>, nos reservamos el derecho de <strong>cancelarla, modificarla o suspenderla<\/strong>.<\/p>\n\n\n\n<h2 class=\"wp-block-heading\">7. PROTECCI\u00d3N DE DATOS PERSONALES<\/h2>\n\n\n\n<p>La Empresa responsable del tratamiento de sus datos es <strong>Gesti\u00f3n de Productos C\u00e1rnicos S.L.U<\/strong>, con domicilio en <strong>C\/ Joanot Martorell, 11, 46136 de Museros, Valencia<\/strong>, e identificada con el n\u00famero <strong>B96930862<\/strong>.<\/p>\n\n\n\n<p>De conformidad con el <strong>Reglamento General de Protecci\u00f3n de Datos (RGPD)<\/strong>, cada participante, al aceptar estas Bases Legales, consiente que sus datos personales sean tratados con la finalidad de <strong>gestionar el sorteo, difundir y dar publicidad a sus resultados, y tramitar la entrega del premio<\/strong>.<\/p>\n\n\n\n<p>El tratamiento de datos se realizar\u00e1 con <strong>confidencialidad<\/strong> y <strong>no ser\u00e1n cedidos a terceros<\/strong>, salvo obligaci\u00f3n legal.<\/p>\n\n\n\n<p>Los participantes podr\u00e1n ejercer sus derechos de <strong>Acceso, Rectificaci\u00f3n, Supresi\u00f3n, Oposici\u00f3n, Limitaci\u00f3n del tratamiento, Portabilidad y Olvido<\/strong> enviando un e-mail a <strong><a href=\"mailto:kommen@gesprocarn.es\">kommen@gesprocarn.es<\/a><\/strong> o una carta a <strong>C\/ Joanot Martorell, 11, 46136 de Museros, Valencia<\/strong>, adjuntando copia de un documento identificativo.<\/p>\n\n\n\n<p>Asimismo, si considera que el tratamiento de sus datos personales no se ajusta a la normativa, tiene derecho a presentar una reclamaci\u00f3n ante la <strong>Agencia Espa\u00f1ola de Protecci\u00f3n de Datos (AEPD)<\/strong>.<\/p>\n\n\n\n<p>El Participante declara haber sido informado de las condiciones sobre protecci\u00f3n de datos personales, aceptando y consintiendo el tratamiento de los mismos.<\/p>\n\n\n\n<h2 class=\"wp-block-heading\">8. CAMBIOS Y ACEPTACI\u00d3N<\/h2>\n\n\n\n<p>Nos reservamos el derecho de <strong>modificar o ampliar estas bases<\/strong>, siempre que no perjudique a los participantes.<\/p>\n\n\n\n<p>El mero hecho de participar en el sorteo implica que el Participante <strong>acepta totalmente las condiciones<\/strong> de estas Bases Legales. Asimismo, la participaci\u00f3n en un sorteo de esta naturaleza supone la aceptaci\u00f3n de las normas de la red social a trav\u00e9s de la cual se desarrolla.<\/p>\n\n\n\n<h2 class=\"wp-block-heading\">9. LEGISLACI\u00d3N APLICABLE Y JURISDICCI\u00d3N<\/h2>\n\n\n\n<p>Estas bases legales se rigen conforme a la <strong>legislaci\u00f3n espa\u00f1ola<\/strong>. Para cualquier controversia, ser\u00e1n competentes los <strong>Juzgados y Tribunales del domicilio del Participante<\/strong>.<\/p>\n","protected":false},"excerpt":{"rendered":"<p>1. EMPRESA ORGANIZADORA DE LA PROMOCI\u00d3N La Empresa Gesti\u00f3n De Productos C\u00e1rnicos S.L.U, con domicilio en C\/ Joanot Martorell, 11, 46136 de Museros, Valencia, e identificada con el n\u00famero B96930862, [&hellip;]<\/p>\n","protected":false},"author":7,"featured_media":0,"parent":0,"menu_order":0,"comment_status":"closed","ping_status":"closed","template":"page-full.php","meta":{"_acf_changed":false,"inline_featured_image":false,"footnotes":""},"acf":[],"aioseo_notices":[],"_links":{"self":[{"href":"https:\/\/kommen.es\/blog\/wp-json\/wp\/v2\/pages\/2474"}],"collection":[{"href":"https:\/\/kommen.es\/blog\/wp-json\/wp\/v2\/pages"}],"about":[{"href":"https:\/\/kommen.es\/blog\/wp-json\/wp\/v2\/types\/page"}],"author":[{"embeddable":true,"href":"https:\/\/kommen.es\/blog\/wp-json\/wp\/v2\/users\/7"}],"replies":[{"embeddable":true,"href":"https:\/\/kommen.es\/blog\/wp-json\/wp\/v2\/comments?post=2474"}],"version-history":[{"count":5,"href":"https:\/\/kommen.es\/blog\/wp-json\/wp\/v2\/pages\/2474\/revisions"}],"predecessor-version":[{"id":3684,"href":"https:\/\/kommen.es\/blog\/wp-json\/wp\/v2\/pages\/2474\/revisions\/3684"}],"wp:attachment":[{"href":"https:\/\/kommen.es\/blog\/wp-json\/wp\/v2\/media?parent=2474"}],"curies":[{"name":"wp","href":"https:\/\/api.w.org\/{rel}","templated":true}]}}